{"id":790,"date":"2023-06-10T23:01:05","date_gmt":"2023-06-10T23:01:05","guid":{"rendered":"https:\/\/casadelllibre.anamarnatural.com\/index.php\/producto\/el-futur-de-la-humanitat-cat-6aed-decaleg-per-a-la-supervivencia-de-la-nostra-especie-catalan\/"},"modified":"2024-09-07T02:02:29","modified_gmt":"2024-09-07T02:02:29","slug":"el-futur-de-la-humanitat-cat-6aed-decaleg-per-a-la-supervivencia-de-la-nostra-especie-catalan","status":"publish","type":"product","link":"https:\/\/casadelllibre.anamarnatural.com\/index.php\/producto\/el-futur-de-la-humanitat-cat-6aed-decaleg-per-a-la-supervivencia-de-la-nostra-especie-catalan\/","title":{"rendered":"EL FUTUR DE LA HUMANITAT (CAT) (6\u00aaED): Dec\u00e0leg per a la superviv\u00e8ncia de la nostra esp\u00e8cie (CATALAN)"},"content":{"rendered":"<p>&#8211; EL FUTUR DE LA HUMANITAT (CAT) (6\u00aaED): Dec\u00e0leg per a la superviv\u00e8ncia de la nostra esp\u00e8cie (CATALAN)<\/p>\n","protected":false},"excerpt":{"rendered":"<p>&#8211; EL FUTUR DE LA HUMANITAT (CAT) (6\u00aaED): Dec\u00e0leg per a la superviv\u00e8ncia de la nostra esp\u00e8cie (CATALAN)<\/p>\n","protected":false},"featured_media":789,"comment_status":"open","ping_status":"closed","template":"","meta":[],"product_brand":[],"product_cat":[15],"product_tag":[],"class_list":{"0":"post-790","1":"product","2":"type-product","3":"status-publish","4":"has-post-thumbnail","6":"product_cat-sin-categorizar","8":"first","9":"instock","10":"sale","11":"taxable","12":"shipping-taxable","13":"product-type-external"},"jetpack_sharing_enabled":true,"_links":{"self":[{"href":"https:\/\/casadelllibre.anamarnatural.com\/index.php\/wp-json\/wp\/v2\/product\/790","targetHints":{"allow":["GET"]}}],"collection":[{"href":"https:\/\/casadelllibre.anamarnatural.com\/index.php\/wp-json\/wp\/v2\/product"}],"about":[{"href":"https:\/\/casadelllibre.anamarnatural.com\/index.php\/wp-json\/wp\/v2\/types\/product"}],"replies":[{"embeddable":true,"href":"https:\/\/casadelllibre.anamarnatural.com\/index.php\/wp-json\/wp\/v2\/comments?post=790"}],"wp:featuredmedia":[{"embeddable":true,"href":"https:\/\/casadelllibre.anamarnatural.com\/index.php\/wp-json\/wp\/v2\/media\/789"}],"wp:attachment":[{"href":"https:\/\/casadelllibre.anamarnatural.com\/index.php\/wp-json\/wp\/v2\/media?parent=790"}],"wp:term":[{"taxonomy":"product_brand","embeddable":true,"href":"https:\/\/casadelllibre.anamarnatural.com\/index.php\/wp-json\/wp\/v2\/product_brand?post=790"},{"taxonomy":"product_cat","embeddable":true,"href":"https:\/\/casadelllibre.anamarnatural.com\/index.php\/wp-json\/wp\/v2\/product_cat?post=790"},{"taxonomy":"product_tag","embeddable":true,"href":"https:\/\/casadelllibre.anamarnatural.com\/index.php\/wp-json\/wp\/v2\/product_tag?post=790"}],"curies":[{"name":"wp","href":"https:\/\/api.w.org\/{rel}","templated":true}]}}