{"id":917,"date":"2023-06-26T18:01:00","date_gmt":"2023-06-26T18:01:00","guid":{"rendered":"https:\/\/casadelllibre.anamarnatural.com\/index.php\/producto\/quierete-y-mucho-30-dias-para-aumentar-tu-autoestima-como-superar-la-baja-autoestima-la-ansiedad-el-estres-la-inseguridad-y-la-duda-en-ti-mismo-habitos-que-cambiaran-tu-vida\/"},"modified":"2024-09-06T23:02:12","modified_gmt":"2024-09-06T23:02:12","slug":"quierete-y-mucho-30-dias-para-aumentar-tu-autoestima-como-superar-la-baja-autoestima-la-ansiedad-el-estres-la-inseguridad-y-la-duda-en-ti-mismo-habitos-que-cambiaran-tu-vida","status":"publish","type":"product","link":"https:\/\/casadelllibre.anamarnatural.com\/index.php\/producto\/quierete-y-mucho-30-dias-para-aumentar-tu-autoestima-como-superar-la-baja-autoestima-la-ansiedad-el-estres-la-inseguridad-y-la-duda-en-ti-mismo-habitos-que-cambiaran-tu-vida\/","title":{"rendered":"Qui\u00e9rete \u00a1 Y MUCHO!: 30 D\u00edas para aumentar tu autoestima. C\u00f3mo superar la baja autoestima, la ansiedad, el estr\u00e9s, la inseguridad y la duda en ti mismo (H\u00e1bitos que cambiar\u00e1n tu vida)"},"content":{"rendered":"","protected":false},"excerpt":{"rendered":"","protected":false},"featured_media":916,"comment_status":"open","ping_status":"closed","template":"","meta":[],"product_brand":[],"product_cat":[15],"product_tag":[],"class_list":{"0":"post-917","1":"product","2":"type-product","3":"status-publish","4":"has-post-thumbnail","6":"product_cat-sin-categorizar","8":"first","9":"instock","10":"taxable","11":"shipping-taxable","12":"product-type-external"},"jetpack_sharing_enabled":true,"_links":{"self":[{"href":"https:\/\/casadelllibre.anamarnatural.com\/index.php\/wp-json\/wp\/v2\/product\/917","targetHints":{"allow":["GET"]}}],"collection":[{"href":"https:\/\/casadelllibre.anamarnatural.com\/index.php\/wp-json\/wp\/v2\/product"}],"about":[{"href":"https:\/\/casadelllibre.anamarnatural.com\/index.php\/wp-json\/wp\/v2\/types\/product"}],"replies":[{"embeddable":true,"href":"https:\/\/casadelllibre.anamarnatural.com\/index.php\/wp-json\/wp\/v2\/comments?post=917"}],"wp:featuredmedia":[{"embeddable":true,"href":"https:\/\/casadelllibre.anamarnatural.com\/index.php\/wp-json\/wp\/v2\/media\/916"}],"wp:attachment":[{"href":"https:\/\/casadelllibre.anamarnatural.com\/index.php\/wp-json\/wp\/v2\/media?parent=917"}],"wp:term":[{"taxonomy":"product_brand","embeddable":true,"href":"https:\/\/casadelllibre.anamarnatural.com\/index.php\/wp-json\/wp\/v2\/product_brand?post=917"},{"taxonomy":"product_cat","embeddable":true,"href":"https:\/\/casadelllibre.anamarnatural.com\/index.php\/wp-json\/wp\/v2\/product_cat?post=917"},{"taxonomy":"product_tag","embeddable":true,"href":"https:\/\/casadelllibre.anamarnatural.com\/index.php\/wp-json\/wp\/v2\/product_tag?post=917"}],"curies":[{"name":"wp","href":"https:\/\/api.w.org\/{rel}","templated":true}]}}