{"id":919,"date":"2023-06-26T19:00:54","date_gmt":"2023-06-26T19:00:54","guid":{"rendered":"https:\/\/casadelllibre.anamarnatural.com\/index.php\/producto\/religio-catolica-1r-llibre-de-l-alumne-ed-2014-materials-educatius-cicle-inicial-religio-9788448933371\/"},"modified":"2024-09-07T02:02:29","modified_gmt":"2024-09-07T02:02:29","slug":"religio-catolica-1r-llibre-de-l-alumne-ed-2014-materials-educatius-cicle-inicial-religio-9788448933371","status":"publish","type":"product","link":"https:\/\/casadelllibre.anamarnatural.com\/index.php\/producto\/religio-catolica-1r-llibre-de-l-alumne-ed-2014-materials-educatius-cicle-inicial-religio-9788448933371\/","title":{"rendered":"Religi\u00f3 cat\u00f2lica 1r. Llibre de l &#8216; alumne (ed. 2014) (Materials Educatius &#8211; Cicle Inicial &#8211; Religi\u00f3) &#8211; 9788448933371"},"content":{"rendered":"","protected":false},"excerpt":{"rendered":"","protected":false},"featured_media":918,"comment_status":"open","ping_status":"closed","template":"","meta":[],"product_brand":[],"product_cat":[15],"product_tag":[],"class_list":{"0":"post-919","1":"product","2":"type-product","3":"status-publish","4":"has-post-thumbnail","6":"product_cat-sin-categorizar","8":"first","9":"instock","10":"taxable","11":"shipping-taxable","12":"product-type-external"},"jetpack_sharing_enabled":true,"_links":{"self":[{"href":"https:\/\/casadelllibre.anamarnatural.com\/index.php\/wp-json\/wp\/v2\/product\/919","targetHints":{"allow":["GET"]}}],"collection":[{"href":"https:\/\/casadelllibre.anamarnatural.com\/index.php\/wp-json\/wp\/v2\/product"}],"about":[{"href":"https:\/\/casadelllibre.anamarnatural.com\/index.php\/wp-json\/wp\/v2\/types\/product"}],"replies":[{"embeddable":true,"href":"https:\/\/casadelllibre.anamarnatural.com\/index.php\/wp-json\/wp\/v2\/comments?post=919"}],"wp:featuredmedia":[{"embeddable":true,"href":"https:\/\/casadelllibre.anamarnatural.com\/index.php\/wp-json\/wp\/v2\/media\/918"}],"wp:attachment":[{"href":"https:\/\/casadelllibre.anamarnatural.com\/index.php\/wp-json\/wp\/v2\/media?parent=919"}],"wp:term":[{"taxonomy":"product_brand","embeddable":true,"href":"https:\/\/casadelllibre.anamarnatural.com\/index.php\/wp-json\/wp\/v2\/product_brand?post=919"},{"taxonomy":"product_cat","embeddable":true,"href":"https:\/\/casadelllibre.anamarnatural.com\/index.php\/wp-json\/wp\/v2\/product_cat?post=919"},{"taxonomy":"product_tag","embeddable":true,"href":"https:\/\/casadelllibre.anamarnatural.com\/index.php\/wp-json\/wp\/v2\/product_tag?post=919"}],"curies":[{"name":"wp","href":"https:\/\/api.w.org\/{rel}","templated":true}]}}