{"id":939,"date":"2023-06-28T04:00:49","date_gmt":"2023-06-28T04:00:49","guid":{"rendered":"https:\/\/casadelllibre.anamarnatural.com\/index.php\/producto\/cap-a-5e-de-primaria-resfresca-el-que-has-apres-a-4t-estiueja-amb-barcanova-9788448949099\/"},"modified":"2023-11-06T01:04:25","modified_gmt":"2023-11-06T01:04:25","slug":"cap-a-5e-de-primaria-resfresca-el-que-has-apres-a-4t-estiueja-amb-barcanova-9788448949099","status":"publish","type":"product","link":"https:\/\/casadelllibre.anamarnatural.com\/index.php\/producto\/cap-a-5e-de-primaria-resfresca-el-que-has-apres-a-4t-estiueja-amb-barcanova-9788448949099\/","title":{"rendered":"Cap a 5\u00e8 de Prim\u00e0ria: Resfresca el que has apr\u00e8s a 4t (Estiueja amb Barcanova) &#8211; 9788448949099"},"content":{"rendered":"","protected":false},"excerpt":{"rendered":"","protected":false},"featured_media":938,"comment_status":"open","ping_status":"closed","template":"","meta":[],"product_brand":[],"product_cat":[15],"product_tag":[],"class_list":{"0":"post-939","1":"product","2":"type-product","3":"status-publish","4":"has-post-thumbnail","6":"product_cat-sin-categorizar","8":"first","9":"instock","10":"sale","11":"taxable","12":"shipping-taxable","13":"product-type-external"},"jetpack_sharing_enabled":true,"_links":{"self":[{"href":"https:\/\/casadelllibre.anamarnatural.com\/index.php\/wp-json\/wp\/v2\/product\/939","targetHints":{"allow":["GET"]}}],"collection":[{"href":"https:\/\/casadelllibre.anamarnatural.com\/index.php\/wp-json\/wp\/v2\/product"}],"about":[{"href":"https:\/\/casadelllibre.anamarnatural.com\/index.php\/wp-json\/wp\/v2\/types\/product"}],"replies":[{"embeddable":true,"href":"https:\/\/casadelllibre.anamarnatural.com\/index.php\/wp-json\/wp\/v2\/comments?post=939"}],"wp:featuredmedia":[{"embeddable":true,"href":"https:\/\/casadelllibre.anamarnatural.com\/index.php\/wp-json\/wp\/v2\/media\/938"}],"wp:attachment":[{"href":"https:\/\/casadelllibre.anamarnatural.com\/index.php\/wp-json\/wp\/v2\/media?parent=939"}],"wp:term":[{"taxonomy":"product_brand","embeddable":true,"href":"https:\/\/casadelllibre.anamarnatural.com\/index.php\/wp-json\/wp\/v2\/product_brand?post=939"},{"taxonomy":"product_cat","embeddable":true,"href":"https:\/\/casadelllibre.anamarnatural.com\/index.php\/wp-json\/wp\/v2\/product_cat?post=939"},{"taxonomy":"product_tag","embeddable":true,"href":"https:\/\/casadelllibre.anamarnatural.com\/index.php\/wp-json\/wp\/v2\/product_tag?post=939"}],"curies":[{"name":"wp","href":"https:\/\/api.w.org\/{rel}","templated":true}]}}